{"id":476,"date":"2018-06-09T14:14:32","date_gmt":"2018-06-09T14:14:32","guid":{"rendered":"https:\/\/www.moretus-ekeren.be\/?page_id=476"},"modified":"2018-06-09T14:14:32","modified_gmt":"2018-06-09T14:14:32","slug":"ouderraad","status":"publish","type":"page","link":"https:\/\/moretus-ekeren.be\/index.php\/ouderraad\/","title":{"rendered":"Ouderraad"},"content":{"rendered":"\t\t<div data-elementor-type=\"wp-post\" data-elementor-id=\"476\" class=\"elementor elementor-476\">\n\t\t\t\t\t\t<section class=\"elementor-section elementor-top-section elementor-element elementor-element-83ec5e3 elementor-section-boxed elementor-section-height-default elementor-section-height-default\" data-id=\"83ec5e3\" data-element_type=\"section\" data-e-type=\"section\">\n\t\t\t\t\t\t<div class=\"elementor-container elementor-column-gap-default\">\n\t\t\t\t\t<div class=\"elementor-column elementor-col-100 elementor-top-column elementor-element elementor-element-d9ac611\" data-id=\"d9ac611\" data-element_type=\"column\" data-e-type=\"column\">\n\t\t\t<div class=\"elementor-widget-wrap elementor-element-populated\">\n\t\t\t\t\t\t<div class=\"elementor-element elementor-element-93b9d5f elementor-widget elementor-widget-heading\" data-id=\"93b9d5f\" data-element_type=\"widget\" data-e-type=\"widget\" data-widget_type=\"heading.default\">\n\t\t\t\t<div class=\"elementor-widget-container\">\n\t\t\t\t\t<h1 class=\"elementor-heading-title elementor-size-default\">De ouderraad<\/h1>\t\t\t\t<\/div>\n\t\t\t\t<\/div>\n\t\t\t\t<section class=\"elementor-section elementor-inner-section elementor-element elementor-element-7f970ac elementor-section-boxed elementor-section-height-default elementor-section-height-default\" data-id=\"7f970ac\" data-element_type=\"section\" data-e-type=\"section\">\n\t\t\t\t\t\t<div class=\"elementor-container elementor-column-gap-default\">\n\t\t\t\t\t<div class=\"elementor-column elementor-col-66 elementor-inner-column elementor-element elementor-element-2a2306a\" data-id=\"2a2306a\" data-element_type=\"column\" data-e-type=\"column\">\n\t\t\t<div class=\"elementor-widget-wrap elementor-element-populated\">\n\t\t\t\t\t\t<div class=\"elementor-element elementor-element-777d731 elementor-widget elementor-widget-text-editor\" data-id=\"777d731\" data-element_type=\"widget\" data-e-type=\"widget\" data-widget_type=\"text-editor.default\">\n\t\t\t\t<div class=\"elementor-widget-container\">\n\t\t\t\t\t\t\t\t\t<p>De ouderraad doet beroep op ge\u00ebngageerde ouders. Graag zoeken ze een vertegenwoordiging uit elk jaar, elke klas, elke richting.<\/p><p>Er wordt vijf maal per jaar een avondvergadering gepland met niet enkel praktische puntjes maar tevens inhoudelijke onderwerpen in functie van het schoolbeleid.<\/p><p>Van harte welkom!<\/p>\t\t\t\t\t\t\t\t<\/div>\n\t\t\t\t<\/div>\n\t\t\t\t<div class=\"elementor-element elementor-element-efd6d67 elementor-widget elementor-widget-heading\" data-id=\"efd6d67\" data-element_type=\"widget\" data-e-type=\"widget\" data-widget_type=\"heading.default\">\n\t\t\t\t<div class=\"elementor-widget-container\">\n\t\t\t\t\t<h2 class=\"elementor-heading-title elementor-size-default\">Mission statement<\/h2>\t\t\t\t<\/div>\n\t\t\t\t<\/div>\n\t\t\t\t<div class=\"elementor-element elementor-element-17f55ed elementor-widget elementor-widget-text-editor\" data-id=\"17f55ed\" data-element_type=\"widget\" data-e-type=\"widget\" data-widget_type=\"text-editor.default\">\n\t\t\t\t<div class=\"elementor-widget-container\">\n\t\t\t\t\t\t\t\t\t<div class=\"container_12\"><div class=\"grid_12\"><p>In het secundair onderwijs is &#8211; in vergelijking met het lager onderwijs &#8211; het rechtstreeks contact tussen ouders en leerkrachten en\/of directie minder vanzelfsprekend. Daarom stelt de ouderraad van Moretus zich tot doel om de \u201cvinger aan de pols\u201d te houden bij het totale schoolgebeuren, om feedback te geven aan directie en leerkrachten omtrent het reilen en zeilen op school.<br \/>De focus ligt daarbij niet op individuele problemen van leerlingen (daarvoor zijn er voldoende overlegkanalen, via klastitularissen, zorgleerkrachten en directie), maar op vragen en zorgen die alle leerlingen van de school aanbelangen, van algemeen-pedagogische aangelegenheden tot z\u00e9\u00e9r concrete aspecten van het dagelijks leven op Moretus.<\/p><p>Een greep uit de onderwerpen die reeds aanbod kwamen:\u00a0 de zgn. \u201cleefregels\u201d op school (omtrent het GSM-gebruik tijdens de schooluren bv.), de \u201cVisie\u201d van Moretus op onderwijs \u00e9n de waarden en normen die de school wenst mee te geven aan onze jeugd, een boeiend project waarbij leerlingen kunnen kiezen om een niet-taalvak in een vreemde taal te volgen, \u00e9n concrete initiatieven om onze schoolgaande jeugd makkelijker\u00a0 toegang te verlenen tot cultuur, in de meest brede zin van het woord,\u2026<\/p><p>De ouderraad organiseert bovendien de informatie-avond omtrent \u201cLeren Leren\u201d, waarbij leerlingen \u00e9n ouders op een ernstige maar ook ludieke manier inzicht krijgen in het belang van een goede studiemethode. Het nut van deze info-sessie wordt keer op keer bewezen door de positieve feedback van ouders \u00e9n leerlingen. Op geregelde basis beantwoorden wij tenslotte concrete vragen van ouders (bv. over het soms moeilijke onderscheid tussen basis- en verdiepingsleerstof). Bij elke vergadering van de ouderraad zijn zowel een lid van de directie als \u00e9\u00e9n of meerdere leerkrachten aanwezig, zodat we snel en effici\u00ebnt kunnen schakelen indien nodig.<\/p><p>Uiteraard kan de school tevens op ons rekenen bij de organisatie van enkele activiteiten (infodagen voor nieuwe leerlingen, stratenloop\/vlaaienslag en andere initiatieven voor het goede doel, Mundiale dag, Moretustoneel, enz.).<br \/>U kan &#8211; als ouder van een Moretus-leerling &#8211; deelnemen:<\/p><ul><li>door ons uw vragen of zorgen over te maken, via het email-adres: <a href=\"mailto:ouderraad@moretus-ekeren.be\">ouderraad@moretus-ekeren.be<\/a><\/li><li>door lid te worden van de ouderraad: wij vergaderen vijfmaal per (school)jaar, en zijn steeds op zoek naar nieuwe &#8211; ge\u00efnteresseerde &#8211; ouders.<\/li><\/ul><p>Interesse? Stuur dan snel een mail naar bovenstaand adres, en wij geven u alle nodige gegevens om ons te vervoegen tijdens onze volgende vergadering. U bent m\u00e9\u00e9r dan welkom!<\/p><\/div><\/div>\t\t\t\t\t\t\t\t<\/div>\n\t\t\t\t<\/div>\n\t\t\t\t\t<\/div>\n\t\t<\/div>\n\t\t\t\t<div class=\"elementor-column elementor-col-33 elementor-inner-column elementor-element elementor-element-63e70c6\" data-id=\"63e70c6\" data-element_type=\"column\" data-e-type=\"column\" data-settings=\"{&quot;background_background&quot;:&quot;classic&quot;}\">\n\t\t\t<div class=\"elementor-widget-wrap elementor-element-populated\">\n\t\t\t\t\t\t<div class=\"elementor-element elementor-element-3dd12f6 elementor-widget elementor-widget-text-editor\" data-id=\"3dd12f6\" data-element_type=\"widget\" data-e-type=\"widget\" data-widget_type=\"text-editor.default\">\n\t\t\t\t<div class=\"elementor-widget-container\">\n\t\t\t\t\t\t\t\t\t<p>Stel uw vraag aan de ouderraad<\/p>\t\t\t\t\t\t\t\t<\/div>\n\t\t\t\t<\/div>\n\t\t\t\t<div class=\"elementor-element elementor-element-06f33e1 elementor-widget elementor-widget-elementskit-contact-form7\" data-id=\"06f33e1\" data-element_type=\"widget\" data-e-type=\"widget\" data-widget_type=\"elementskit-contact-form7.default\">\n\t\t\t\t<div class=\"elementor-widget-container\">\n\t\t\t\t\t<div class=\"ekit-wid-con\" ><div class=\"ekit-form\"><p class=\"wpcf7-contact-form-not-found\"><strong>Fout:<\/strong> Contact formulier niet gevonden.<\/p><\/div><\/div>\t\t\t\t<\/div>\n\t\t\t\t<\/div>\n\t\t\t\t<div class=\"elementor-element elementor-element-6d5fc9a elementor-widget elementor-widget-image\" data-id=\"6d5fc9a\" data-element_type=\"widget\" data-e-type=\"widget\" data-widget_type=\"image.default\">\n\t\t\t\t<div class=\"elementor-widget-container\">\n\t\t\t\t\t\t\t\t\t\t\t\t\t\t\t<img fetchpriority=\"high\" decoding=\"async\" width=\"709\" height=\"472\" src=\"https:\/\/moretus-ekeren.be\/wp-content\/uploads\/2021\/02\/Ouderraad-1.jpg\" class=\"attachment-large size-large wp-image-8702\" alt=\"\" srcset=\"https:\/\/moretus-ekeren.be\/wp-content\/uploads\/2021\/02\/Ouderraad-1.jpg 709w, https:\/\/moretus-ekeren.be\/wp-content\/uploads\/2021\/02\/Ouderraad-1-300x200.jpg 300w\" sizes=\"(max-width: 709px) 100vw, 709px\" \/>\t\t\t\t\t\t\t\t\t\t\t\t\t\t\t<\/div>\n\t\t\t\t<\/div>\n\t\t\t\t\t<\/div>\n\t\t<\/div>\n\t\t\t\t\t<\/div>\n\t\t<\/section>\n\t\t\t\t\t<\/div>\n\t\t<\/div>\n\t\t\t\t\t<\/div>\n\t\t<\/section>\n\t\t\t\t<section class=\"elementor-section elementor-top-section elementor-element elementor-element-868b8a0 elementor-section-boxed elementor-section-height-default elementor-section-height-default\" data-id=\"868b8a0\" data-element_type=\"section\" data-e-type=\"section\">\n\t\t\t\t\t\t<div class=\"elementor-container elementor-column-gap-default\">\n\t\t\t\t\t<div class=\"elementor-column elementor-col-100 elementor-top-column elementor-element elementor-element-9f457f5\" data-id=\"9f457f5\" data-element_type=\"column\" data-e-type=\"column\">\n\t\t\t<div class=\"elementor-widget-wrap elementor-element-populated\">\n\t\t\t\t\t\t<div class=\"elementor-element elementor-element-23e24f8 elementor-widget elementor-widget-image\" data-id=\"23e24f8\" data-element_type=\"widget\" data-e-type=\"widget\" data-widget_type=\"image.default\">\n\t\t\t\t<div class=\"elementor-widget-container\">\n\t\t\t\t\t\t\t\t\t\t\t\t\t\t\t<img decoding=\"async\" width=\"567\" height=\"314\" src=\"https:\/\/moretus-ekeren.be\/wp-content\/uploads\/2023\/01\/Ouderraad22-1.jpg\" class=\"attachment-medium_large size-medium_large wp-image-33569\" alt=\"\" srcset=\"https:\/\/moretus-ekeren.be\/wp-content\/uploads\/2023\/01\/Ouderraad22-1.jpg 567w, https:\/\/moretus-ekeren.be\/wp-content\/uploads\/2023\/01\/Ouderraad22-1-300x166.jpg 300w\" sizes=\"(max-width: 567px) 100vw, 567px\" \/>\t\t\t\t\t\t\t\t\t\t\t\t\t\t\t<\/div>\n\t\t\t\t<\/div>\n\t\t\t\t\t<\/div>\n\t\t<\/div>\n\t\t\t\t\t<\/div>\n\t\t<\/section>\n\t\t\t\t<\/div>\n\t\t","protected":false},"excerpt":{"rendered":"<p>De ouderraad De ouderraad doet beroep op ge\u00ebngageerde ouders. Graag zoeken ze een vertegenwoordiging uit elk jaar, elke klas, elke richting. Er wordt vijf maal&hellip;<\/p>\n","protected":false},"author":1,"featured_media":0,"parent":0,"menu_order":0,"comment_status":"closed","ping_status":"closed","template":"","meta":{"_starter_page_template":"","_wpcom_template_layout_category":[],"footnotes":"","_wpscppro_custom_social_share_image":0,"_facebook_share_type":"","_twitter_share_type":"","_linkedin_share_type":"","_pinterest_share_type":"","_linkedin_share_type_page":"","_instagram_share_type":"","_medium_share_type":"","_threads_share_type":"","_selected_social_profile":[]},"class_list":["post-476","page","type-page","status-publish","hentry"],"_links":{"self":[{"href":"https:\/\/moretus-ekeren.be\/index.php\/wp-json\/wp\/v2\/pages\/476","targetHints":{"allow":["GET"]}}],"collection":[{"href":"https:\/\/moretus-ekeren.be\/index.php\/wp-json\/wp\/v2\/pages"}],"about":[{"href":"https:\/\/moretus-ekeren.be\/index.php\/wp-json\/wp\/v2\/types\/page"}],"author":[{"embeddable":true,"href":"https:\/\/moretus-ekeren.be\/index.php\/wp-json\/wp\/v2\/users\/1"}],"replies":[{"embeddable":true,"href":"https:\/\/moretus-ekeren.be\/index.php\/wp-json\/wp\/v2\/comments?post=476"}],"version-history":[{"count":0,"href":"https:\/\/moretus-ekeren.be\/index.php\/wp-json\/wp\/v2\/pages\/476\/revisions"}],"wp:attachment":[{"href":"https:\/\/moretus-ekeren.be\/index.php\/wp-json\/wp\/v2\/media?parent=476"}],"curies":[{"name":"wp","href":"https:\/\/api.w.org\/{rel}","templated":true}]}}