{"id":3375,"date":"2020-03-23T00:12:15","date_gmt":"2020-03-22T23:12:15","guid":{"rendered":"https:\/\/www.moretus-ekeren.be\/?page_id=3375"},"modified":"2020-03-23T00:12:15","modified_gmt":"2020-03-22T23:12:15","slug":"leerlabomiddenschool","status":"publish","type":"page","link":"https:\/\/moretus-ekeren.be\/index.php\/studieaanbod\/leerlabomiddenschool\/","title":{"rendered":"LEERLABO Middenschool"},"content":{"rendered":"\t\t<div data-elementor-type=\"wp-page\" data-elementor-id=\"3375\" class=\"elementor elementor-3375\">\n\t\t\t\t\t\t<section class=\"elementor-section elementor-top-section elementor-element elementor-element-ed023bc elementor-section-boxed elementor-section-height-default elementor-section-height-default\" data-id=\"ed023bc\" data-element_type=\"section\" data-e-type=\"section\">\n\t\t\t\t\t\t<div class=\"elementor-container elementor-column-gap-default\">\n\t\t\t\t\t<div class=\"elementor-column elementor-col-100 elementor-top-column elementor-element elementor-element-d2027cb\" data-id=\"d2027cb\" data-element_type=\"column\" data-e-type=\"column\">\n\t\t\t<div class=\"elementor-widget-wrap elementor-element-populated\">\n\t\t\t\t\t\t<div class=\"elementor-element elementor-element-c055cf0 elementor-widget elementor-widget-heading\" data-id=\"c055cf0\" data-element_type=\"widget\" data-e-type=\"widget\" data-widget_type=\"heading.default\">\n\t\t\t\t<div class=\"elementor-widget-container\">\n\t\t\t\t\t<h1 class=\"elementor-heading-title elementor-size-default\">LEERLABO Middenschool<\/h1>\t\t\t\t<\/div>\n\t\t\t\t<\/div>\n\t\t\t\t<section class=\"elementor-section elementor-inner-section elementor-element elementor-element-ce96657 elementor-section-boxed elementor-section-height-default elementor-section-height-default\" data-id=\"ce96657\" data-element_type=\"section\" data-e-type=\"section\">\n\t\t\t\t\t\t<div class=\"elementor-container elementor-column-gap-default\">\n\t\t\t\t\t<div class=\"elementor-column elementor-col-50 elementor-inner-column elementor-element elementor-element-a83f4a3\" data-id=\"a83f4a3\" data-element_type=\"column\" data-e-type=\"column\">\n\t\t\t<div class=\"elementor-widget-wrap elementor-element-populated\">\n\t\t\t\t\t\t<div class=\"elementor-element elementor-element-c68933b elementor-widget elementor-widget-text-editor\" data-id=\"c68933b\" data-element_type=\"widget\" data-e-type=\"widget\" data-widget_type=\"text-editor.default\">\n\t\t\t\t<div class=\"elementor-widget-container\">\n\t\t\t\t\t\t\t\t\t<p>In september 2019 zijn we gestart met coaching en leerlabo in <a href=\"https:\/\/www.moretus-ekeren.be\/studieaanbod\/\">het eerste A-jaar<\/a>. De leerlingen volgen tijdens deze uren een persoonlijk traject voor Nederlands, wiskunde en Frans. Zo kunnen ze leerstofonderdelen verwerken op hun eigen niveau. Een serieuze, maar leerrijke uitdaging!<\/p>\t\t\t\t\t\t\t\t<\/div>\n\t\t\t\t<\/div>\n\t\t\t\t<div class=\"elementor-element elementor-element-ba8721d elementor-widget elementor-widget-heading\" data-id=\"ba8721d\" data-element_type=\"widget\" data-e-type=\"widget\" data-widget_type=\"heading.default\">\n\t\t\t\t<div class=\"elementor-widget-container\">\n\t\t\t\t\t<h2 class=\"elementor-heading-title elementor-size-default\">Leerlabo in de praktijk<\/h2>\t\t\t\t<\/div>\n\t\t\t\t<\/div>\n\t\t\t\t<div class=\"elementor-element elementor-element-12fe76d elementor-widget elementor-widget-text-editor\" data-id=\"12fe76d\" data-element_type=\"widget\" data-e-type=\"widget\" data-widget_type=\"text-editor.default\">\n\t\t\t\t<div class=\"elementor-widget-container\">\n\t\t\t\t\t\t\t\t\t<h3><strong>Coachinguur 9.15 \u2013 10.05 uur<\/strong><\/h3><p>De leerlingen van een klas worden tijdens het coachinguur begeleid door de eigen titularissen. Ze worden (soms) in twee kleinere groepen verdeeld, bij elke titularis een groep. Met een stappenplan en hun toetsen bij de hand bekijken ze de instructiefiches met de opdrachten voor Frans, Nederlands en wiskunde van deze week. Ze denken na over hun eigen leren aan de hand van enkele vragen:<\/p><ul><li>Welk niveau kies ik per vak?<ul><li>Loper (inoefenen van de leerstof)<\/li><li>Fietser (inoefenen en al wat nieuws\/anders bekijken)<\/li><li>Klimmer (verdieping, uitdaging)<\/li><\/ul><\/li><li>Welk vak ga ik eerst doen?<\/li><li>In welke ruimte ga ik werken?<\/li><\/ul><p>Na een gesprekje met de coach (= titularis) wordt de werkplanning netjes ingevuld op een planningsblad en gaan ze naar het planbord om hun naamkaartjes te hangen.<\/p><p>Verder wordt er tijdens het coachinguur ook tijd gemaakt voor bv. het leren maken van de boekentas, leren leren en de planning van de examens. Zo helpt het coachinguur om vlot de overgang te maken van het lager naar het secundair onderwijs. De leerlingen leren er plannen, organiseren en studeren, maar ook andere schoolse zaken zoals de leerlingenraad of de stratenloop kunnen tijdens dit uur aan bod komen.<\/p>\t\t\t\t\t\t\t\t<\/div>\n\t\t\t\t<\/div>\n\t\t\t\t\t<\/div>\n\t\t<\/div>\n\t\t\t\t<div class=\"elementor-column elementor-col-50 elementor-inner-column elementor-element elementor-element-e5a7a90\" data-id=\"e5a7a90\" data-element_type=\"column\" data-e-type=\"column\">\n\t\t\t<div class=\"elementor-widget-wrap elementor-element-populated\">\n\t\t\t\t\t\t<div class=\"elementor-element elementor-element-f202816 elementor-widget elementor-widget-video\" data-id=\"f202816\" data-element_type=\"widget\" data-e-type=\"widget\" data-settings=\"{&quot;video_type&quot;:&quot;hosted&quot;,&quot;controls&quot;:&quot;yes&quot;}\" data-widget_type=\"video.default\">\n\t\t\t\t<div class=\"elementor-widget-container\">\n\t\t\t\t\t\t\t<div class=\"e-hosted-video elementor-wrapper elementor-open-inline\">\n\t\t\t\t\t<video class=\"elementor-video\" src=\"https:\/\/www.moretus-ekeren.be\/wp-content\/uploads\/2022\/03\/Leerlabo_Def.mp4\" controls=\"\" preload=\"metadata\" controlsList=\"nodownload\"><\/video>\n\t\t\t\t<\/div>\n\t\t\t\t\t\t<\/div>\n\t\t\t\t<\/div>\n\t\t\t\t<div class=\"elementor-element elementor-element-1c07189 elementor-widget elementor-widget-image\" data-id=\"1c07189\" data-element_type=\"widget\" data-e-type=\"widget\" data-widget_type=\"image.default\">\n\t\t\t\t<div class=\"elementor-widget-container\">\n\t\t\t\t\t\t\t\t\t\t\t\t\t\t\t<img fetchpriority=\"high\" decoding=\"async\" width=\"843\" height=\"558\" src=\"https:\/\/moretus-ekeren.be\/wp-content\/uploads\/2022\/03\/IMGP0974-scaled-1-1024x678.jpg\" class=\"attachment-large size-large wp-image-20789\" alt=\"\" srcset=\"https:\/\/moretus-ekeren.be\/wp-content\/uploads\/2022\/03\/IMGP0974-scaled-1-1024x678.jpg 1024w, https:\/\/moretus-ekeren.be\/wp-content\/uploads\/2022\/03\/IMGP0974-scaled-1-300x199.jpg 300w, https:\/\/moretus-ekeren.be\/wp-content\/uploads\/2022\/03\/IMGP0974-scaled-1-768x509.jpg 768w, https:\/\/moretus-ekeren.be\/wp-content\/uploads\/2022\/03\/IMGP0974-scaled-1-1536x1018.jpg 1536w, https:\/\/moretus-ekeren.be\/wp-content\/uploads\/2022\/03\/IMGP0974-scaled-1.jpg 1920w\" sizes=\"(max-width: 843px) 100vw, 843px\" \/>\t\t\t\t\t\t\t\t\t\t\t\t\t\t\t<\/div>\n\t\t\t\t<\/div>\n\t\t\t\t\t<\/div>\n\t\t<\/div>\n\t\t\t\t\t<\/div>\n\t\t<\/section>\n\t\t\t\t\t<\/div>\n\t\t<\/div>\n\t\t\t\t\t<\/div>\n\t\t<\/section>\n\t\t\t\t<section class=\"elementor-section elementor-top-section elementor-element elementor-element-c79b345 elementor-section-boxed elementor-section-height-default elementor-section-height-default\" data-id=\"c79b345\" data-element_type=\"section\" data-e-type=\"section\">\n\t\t\t\t\t\t<div class=\"elementor-container elementor-column-gap-default\">\n\t\t\t\t\t<div class=\"elementor-column elementor-col-50 elementor-top-column elementor-element elementor-element-3397322\" data-id=\"3397322\" data-element_type=\"column\" data-e-type=\"column\">\n\t\t\t<div class=\"elementor-widget-wrap elementor-element-populated\">\n\t\t\t\t\t\t<div class=\"elementor-element elementor-element-b7e4c87 elementor-widget elementor-widget-image\" data-id=\"b7e4c87\" data-element_type=\"widget\" data-e-type=\"widget\" data-widget_type=\"image.default\">\n\t\t\t\t<div class=\"elementor-widget-container\">\n\t\t\t\t\t\t\t\t\t\t\t\t\t\t\t<img decoding=\"async\" width=\"843\" height=\"558\" src=\"https:\/\/moretus-ekeren.be\/wp-content\/uploads\/2022\/03\/IMGP0902a-scaled-1-1024x678.jpg\" class=\"attachment-large size-large wp-image-20790\" alt=\"\" srcset=\"https:\/\/moretus-ekeren.be\/wp-content\/uploads\/2022\/03\/IMGP0902a-scaled-1-1024x678.jpg 1024w, https:\/\/moretus-ekeren.be\/wp-content\/uploads\/2022\/03\/IMGP0902a-scaled-1-300x199.jpg 300w, https:\/\/moretus-ekeren.be\/wp-content\/uploads\/2022\/03\/IMGP0902a-scaled-1-768x509.jpg 768w, https:\/\/moretus-ekeren.be\/wp-content\/uploads\/2022\/03\/IMGP0902a-scaled-1-1536x1018.jpg 1536w, https:\/\/moretus-ekeren.be\/wp-content\/uploads\/2022\/03\/IMGP0902a-scaled-1.jpg 1920w\" sizes=\"(max-width: 843px) 100vw, 843px\" \/>\t\t\t\t\t\t\t\t\t\t\t\t\t\t\t<\/div>\n\t\t\t\t<\/div>\n\t\t\t\t<div class=\"elementor-element elementor-element-fe0b86d elementor-widget elementor-widget-image\" data-id=\"fe0b86d\" data-element_type=\"widget\" data-e-type=\"widget\" data-widget_type=\"image.default\">\n\t\t\t\t<div class=\"elementor-widget-container\">\n\t\t\t\t\t\t\t\t\t\t\t\t\t\t\t<img decoding=\"async\" width=\"843\" height=\"559\" src=\"https:\/\/moretus-ekeren.be\/wp-content\/uploads\/2020\/03\/Leerl4-1.jpg\" class=\"attachment-large size-large wp-image-3396\" alt=\"leerlabo\" srcset=\"https:\/\/moretus-ekeren.be\/wp-content\/uploads\/2020\/03\/Leerl4-1.jpg 866w, https:\/\/moretus-ekeren.be\/wp-content\/uploads\/2020\/03\/Leerl4-1-300x199.jpg 300w, https:\/\/moretus-ekeren.be\/wp-content\/uploads\/2020\/03\/Leerl4-1-768x509.jpg 768w\" sizes=\"(max-width: 843px) 100vw, 843px\" \/>\t\t\t\t\t\t\t\t\t\t\t\t\t\t\t<\/div>\n\t\t\t\t<\/div>\n\t\t\t\t\t<\/div>\n\t\t<\/div>\n\t\t\t\t<div class=\"elementor-column elementor-col-50 elementor-top-column elementor-element elementor-element-7e72b70\" data-id=\"7e72b70\" data-element_type=\"column\" data-e-type=\"column\">\n\t\t\t<div class=\"elementor-widget-wrap elementor-element-populated\">\n\t\t\t\t\t\t<div class=\"elementor-element elementor-element-d90eef2 elementor-widget elementor-widget-text-editor\" data-id=\"d90eef2\" data-element_type=\"widget\" data-e-type=\"widget\" data-widget_type=\"text-editor.default\">\n\t\t\t\t<div class=\"elementor-widget-container\">\n\t\t\t\t\t\t\t\t\t<h3><strong>Leerlabo 10.20 \u2013 12 uur<\/strong><\/h3><p>Het leerlabo duurt twee lesuren, maar wordt ingedeeld in drie blokken. Zo kunnen de leerlingen zelfstandig voor wiskunde, Nederlands en Frans werken gedurende \u00e9\u00e9n blok van ongeveer 35 minuten. Soms kunnen ze er ook voor kiezen om twee blokken aan \u00e9\u00e9n vak te besteden, na overleg met de coach. Na elk tijdsblok weerklinkt een belletje.<\/p><p>De leerlabo-ruimtes bestaan uit een samenwerkingslokaal, twee stille ruimtes, een instructieklas, een zithoek, computerplaatsen en een verbetertafel. De leerlingen kiezen zelf welke ruimte hen het meest geschikt lijkt voor hun opdracht, maar het kan ook aangegeven staan op de instructiefiches.<\/p><p>Elk vak heeft zijn eigen kleur. Als de leerlingen voor Frans werken, krijgen ze een groen instructieblad. De verbetersleutels zitten in een groene map en het magneetje om hun naam op te hangen op het planbord heeft ook die kleur. Zo ziet een leerkracht onmiddellijk dat de leerling die met een rode instructiefiche bezig is, aan wiskunde werkt. Nederlands heeft dan weer blauw als kleur.<\/p><p>De leerkrachten die rondlopen in de leerlabo-lokalen, zien aan de kleur van de bekers op elke bank wie hulp nodig heeft. We werken met het principe Brain &#8211; Book &#8211; Buddy &#8211; Boss, dus de leerlingen zoeken eerst hulp bij zichzelf en hun map, dan bij een klasgenoot en tenslotte bij een leerkracht.<\/p><p>Niet alleen voor de leerlingen is dit een nieuwe manier van werken, ook voor de leerkrachten. Het is een zoektocht geweest en ook nu nog proberen we bij te sturen en te verbeteren door al doende te leren. We zijn er van overtuigd dat deze werkwijze loont. De leerlingen leren plannen, zelfstandig werken, niet te snel hulp te vragen, samenwerken, doorzetten, zichzelf inschatten en uitdagen\u2026 Kortom, een mooi initiatief!<\/p><p>Ter info: <a href=\"https:\/\/www.moretus-ekeren.be\/studieaanbod\/1a-latijn\/\">De leerlingen Latijn<\/a> hebben enkel coaching, <a href=\"https:\/\/www.moretus-ekeren.be\/studieaanbod\/1a-stem\/\">de leerlingen STEM<\/a> hebben \u00e9\u00e9n uur leerlabo.<br \/><a href=\"https:\/\/www.moretus-ekeren.be\/studieaanbod\/b-stroom\/\">In 1B hebben de leerlingen<\/a> ook 1 coachinguur waarin ze leren werken met de agenda, de boekentas leren maken, leren leren enz&#8230;<\/p>\t\t\t\t\t\t\t\t<\/div>\n\t\t\t\t<\/div>\n\t\t\t\t\t<\/div>\n\t\t<\/div>\n\t\t\t\t\t<\/div>\n\t\t<\/section>\n\t\t\t\t<\/div>\n\t\t","protected":false},"excerpt":{"rendered":"<p>LEERLABO Middenschool In september 2019 zijn we gestart met coaching en leerlabo in het eerste A-jaar. De leerlingen volgen tijdens deze uren een persoonlijk traject&hellip;<\/p>\n","protected":false},"author":1,"featured_media":0,"parent":889,"menu_order":0,"comment_status":"closed","ping_status":"closed","template":"","meta":{"_starter_page_template":"","_wpcom_template_layout_category":[],"footnotes":"","_wpscppro_custom_social_share_image":0,"_facebook_share_type":"","_twitter_share_type":"","_linkedin_share_type":"","_pinterest_share_type":"","_linkedin_share_type_page":"","_instagram_share_type":"","_medium_share_type":"","_threads_share_type":"","_selected_social_profile":[]},"class_list":["post-3375","page","type-page","status-publish","hentry"],"_links":{"self":[{"href":"https:\/\/moretus-ekeren.be\/index.php\/wp-json\/wp\/v2\/pages\/3375","targetHints":{"allow":["GET"]}}],"collection":[{"href":"https:\/\/moretus-ekeren.be\/index.php\/wp-json\/wp\/v2\/pages"}],"about":[{"href":"https:\/\/moretus-ekeren.be\/index.php\/wp-json\/wp\/v2\/types\/page"}],"author":[{"embeddable":true,"href":"https:\/\/moretus-ekeren.be\/index.php\/wp-json\/wp\/v2\/users\/1"}],"replies":[{"embeddable":true,"href":"https:\/\/moretus-ekeren.be\/index.php\/wp-json\/wp\/v2\/comments?post=3375"}],"version-history":[{"count":0,"href":"https:\/\/moretus-ekeren.be\/index.php\/wp-json\/wp\/v2\/pages\/3375\/revisions"}],"up":[{"embeddable":true,"href":"https:\/\/moretus-ekeren.be\/index.php\/wp-json\/wp\/v2\/pages\/889"}],"wp:attachment":[{"href":"https:\/\/moretus-ekeren.be\/index.php\/wp-json\/wp\/v2\/media?parent=3375"}],"curies":[{"name":"wp","href":"https:\/\/api.w.org\/{rel}","templated":true}]}}